{"id":1146,"date":"2024-09-12T10:56:57","date_gmt":"2024-09-12T10:56:57","guid":{"rendered":"https:\/\/magnarsystems.com\/?page_id=1146"},"modified":"2024-09-12T10:58:17","modified_gmt":"2024-09-12T10:58:17","slug":"terms-conditions","status":"publish","type":"page","link":"https:\/\/magnarsystems.com\/es\/terms-conditions\/","title":{"rendered":"Terms &amp; Conditions"},"content":{"rendered":"<div data-elementor-type=\"wp-page\" data-elementor-id=\"1146\" class=\"elementor elementor-1146\" data-elementor-post-type=\"page\">\n\t\t\t\t<div class=\"elementor-element elementor-element-12b4c9c2 e-con-full e-flex e-con e-parent\" data-id=\"12b4c9c2\" data-element_type=\"container\" data-e-type=\"container\">\n\t\t\t\t<div class=\"elementor-element elementor-element-1555698d elementor-widget elementor-widget-text-editor\" data-id=\"1555698d\" data-element_type=\"widget\" data-e-type=\"widget\" data-widget_type=\"text-editor.default\">\n\t\t\t\t<div class=\"elementor-widget-container\">\n\t\t\t\t\t\t\t\t\t\n<h1 class=\"p1 wp-block-heading\"><b>T\u00e9rminos y condiciones<\/b><\/h1>\n<p class=\"p1\"><b>Effective Date: September 12, 2024<\/b><\/p>\n<p class=\"p1\">Welcome to <b>Magnar Systems<\/b>Estos T\u00e9rminos y Condiciones rigen su acceso y uso de <b>https:\/\/magnarsystems.com\/<\/b> y nuestros servicios, incluidos la gesti\u00f3n de personal, la n\u00f3mina, el autoservicio de empleados y las soluciones de inteligencia empresarial. Al utilizar nuestro sitio web y nuestros servicios, usted acepta cumplir y estar sujeto a estos T\u00e9rminos.<\/p>\n<p class=\"p3\"><b>1. Acceptance of Terms<\/b><\/p>\n<p class=\"p1\">Al acceder o utilizar los servicios de <b>Magnar Systems<\/b>Al utilizar nuestros servicios, usted reconoce que ha le\u00eddo, comprendido y acepta estar sujeto a estos T\u00e9rminos y Condiciones. Si no est\u00e1 de acuerdo con estos t\u00e9rminos, abst\u00e9ngase de utilizar nuestros servicios.<\/p>\n<p class=\"p3\"><b>2. Servicios<\/b><\/p>\n<p class=\"p1\">Magnar Systems ofrece soluciones de gesti\u00f3n de personal, n\u00f3minas, autoservicio de empleados e inteligencia empresarial. Nuestros servicios pueden estar sujetos a pautas, reglas o t\u00e9rminos adicionales que se pueden publicar en el sitio web de vez en cuando. Estos se incorporan a estos T\u00e9rminos por referencia.<\/p>\n<p class=\"p3\"><b>3. Obligaciones del Usuario<\/b><\/p>\n<p class=\"p1\">Como usuario de nuestros servicios, usted acepta:<\/p>\n<p class=\"p4\">\u2022 Proporcionar informaci\u00f3n precisa, actual y completa durante el registro y mantener la exactitud de dicha informaci\u00f3n.<\/p>\n<p class=\"p4\">\u2022Utilizar nuestros servicios \u00fanicamente para fines l\u00edcitos y de conformidad con estos T\u00e9rminos.<\/p>\n<p class=\"p4\">\u2022No utilizar el sitio web ni los servicios de ninguna manera que pueda da\u00f1ar, deshabilitar, sobrecargar o perjudicar la funcionalidad del sitio web o interrumpir la experiencia de otro usuario.<\/p>\n<p class=\"p3\"><b>4. Account Registration<\/b><\/p>\n<p class=\"p1\">Para acceder a determinadas funciones de nuestros servicios, es posible que se le pida que cree una cuenta. Usted es responsable de mantener la confidencialidad de las credenciales de su cuenta y de todas las actividades que se realicen en ella. Si sospecha que se ha producido alg\u00fan uso no autorizado de su cuenta, notif\u00edquenoslo de inmediato.<\/p>\n<p class=\"p3\"><b>5. Pago y tarifas<\/b><\/p>\n<p class=\"p1\">Todos los honorarios por nuestros servicios se detallar\u00e1n claramente en nuestro sitio web o mediante comunicaci\u00f3n con nuestro equipo. Al aceptar utilizar nuestros servicios, usted acepta pagar todos los honorarios asociados con los servicios seleccionados. Los pagos deben realizarse de acuerdo con los t\u00e9rminos de pago proporcionados.<\/p>\n<p class=\"p3\"><b>6. Propiedad intelectual<\/b><\/p>\n<p class=\"p1\">Todo el contenido, los materiales y los servicios proporcionados en el sitio web de Magnar Systems, incluidos, entre otros, texto, gr\u00e1ficos, logotipos, \u00edconos y software, son propiedad intelectual de <b>Magnar Systems<\/b> o sus licenciantes. Se le otorga una licencia limitada, no exclusiva e intransferible para acceder y utilizar el sitio web para el prop\u00f3sito previsto. Cualquier uso no autorizado del contenido est\u00e1 estrictamente prohibido.<\/p>\n<p class=\"p3\"><b>7. Limitation of Liability<\/b><\/p>\n<p class=\"p1\">En la medida m\u00e1xima permitida por la ley, <b>Magnar Systems<\/b> no ser\u00e1 responsable de ning\u00fan da\u00f1o indirecto, incidental, especial, consecuente o punitivo, incluida la p\u00e9rdida de ganancias, datos o uso, incurridos por usted o cualquier tercero como resultado de su uso de nuestros servicios, incluso si se nos ha informado de la posibilidad de tales da\u00f1os.<\/p>\n<p class=\"p3\"><b>8. Garant\u00edas y exenciones de responsabilidad<\/b><\/p>\n<p class=\"p1\">Magnar Systems proporciona sus servicios \u201ctal cual\u201d, sin garant\u00edas de ning\u00fan tipo, ya sean expresas o impl\u00edcitas, incluidas, entre otras, las garant\u00edas impl\u00edcitas de comerciabilidad, idoneidad para un fin determinado y no infracci\u00f3n. No garantizamos que los servicios no presenten interrupciones ni errores, ni garantizamos ning\u00fan resultado espec\u00edfico derivado del uso de los servicios.<\/p>\n<p class=\"p3\"><b>9. Terminaci\u00f3n<\/b><\/p>\n<p class=\"p1\">Nos reservamos el derecho de suspender o terminar su acceso a nuestros servicios a nuestra entera discreci\u00f3n, sin previo aviso, por conducta que consideremos que viola estos T\u00e9rminos, es perjudicial para otros usuarios de los servicios o es ilegal.<\/p>\t\t\t\t\t\t\t\t<\/div>\n\t\t\t\t<\/div>\n\t\t\t\t<\/div>\n\t\t\t\t<\/div>","protected":false},"excerpt":{"rendered":"<p>Terms and Conditions Effective Date: September 12, 2024 Welcome to Magnar Systems. These Terms and Conditions govern your access to and use of https:\/\/magnarsystems.com\/ and our services, including workforce management, payroll, employee self-service, and business intelligence solutions. By using our website and services, you agree to comply with and be bound by these Terms. 1. [&hellip;]<\/p>\n","protected":false},"author":8,"featured_media":0,"parent":0,"menu_order":0,"comment_status":"closed","ping_status":"closed","template":"","meta":{"_acf_changed":false,"inline_featured_image":false,"footnotes":""},"wf_page_folders":[],"class_list":["post-1146","page","type-page","status-publish","hentry"],"acf":[],"_links":{"self":[{"href":"https:\/\/magnarsystems.com\/es\/wp-json\/wp\/v2\/pages\/1146","targetHints":{"allow":["GET"]}}],"collection":[{"href":"https:\/\/magnarsystems.com\/es\/wp-json\/wp\/v2\/pages"}],"about":[{"href":"https:\/\/magnarsystems.com\/es\/wp-json\/wp\/v2\/types\/page"}],"author":[{"embeddable":true,"href":"https:\/\/magnarsystems.com\/es\/wp-json\/wp\/v2\/users\/8"}],"replies":[{"embeddable":true,"href":"https:\/\/magnarsystems.com\/es\/wp-json\/wp\/v2\/comments?post=1146"}],"version-history":[{"count":4,"href":"https:\/\/magnarsystems.com\/es\/wp-json\/wp\/v2\/pages\/1146\/revisions"}],"predecessor-version":[{"id":1150,"href":"https:\/\/magnarsystems.com\/es\/wp-json\/wp\/v2\/pages\/1146\/revisions\/1150"}],"wp:attachment":[{"href":"https:\/\/magnarsystems.com\/es\/wp-json\/wp\/v2\/media?parent=1146"}],"wp:term":[{"taxonomy":"wf_page_folders","embeddable":true,"href":"https:\/\/magnarsystems.com\/es\/wp-json\/wp\/v2\/wf_page_folders?post=1146"}],"curies":[{"name":"wp","href":"https:\/\/api.w.org\/{rel}","templated":true}]}}